{"id":484,"date":"2017-01-21T07:14:52","date_gmt":"2017-01-21T07:14:52","guid":{"rendered":"http:\/\/wp1.themexlab.com\/newwp\/woodworks\/?page_id=479"},"modified":"2022-11-22T10:06:05","modified_gmt":"2022-11-22T10:06:05","slug":"politica-gdpr","status":"publish","type":"page","link":"https:\/\/peletidinrumegus.ro\/ro\/politica-gdpr\/","title":{"rendered":"Politica GDPR"},"content":{"rendered":"<section class=\"kc-elm kc-css-14367 kc_row\"><div class=\"kc-row-container  kc-container\"><div class=\"kc-wrap-columns\"><div class=\"kc-elm kc-css-985567 kc_column kc_col-sm-12\"><div class=\"kc-col-container\"><div class=\"kc-elm kc-css-207273 kc_text_block\"><\/p>\n<p style=\"line-height: 24px; margin-top: 0px; margin-bottom: 0px; box-sizing: border-box; padding: 0px; font-family: Lato, sans-serif; color: #a2a2a2;\"><span style=\"box-sizing: border-box; font-weight: bold;\">\u00a0<\/span><\/p>\n<p style=\"line-height: 24px; margin-top: 0px; margin-bottom: 0px; box-sizing: border-box; padding: 0px; font-family: Lato, sans-serif; color: #a2a2a2;\"><span style=\"box-sizing: border-box; font-weight: bold;\">\u00a0<\/span><\/p>\n<p style=\"line-height: 24px; margin-top: 0px; margin-bottom: 0px; box-sizing: border-box; padding: 0px; font-family: Lato, sans-serif; color: #a2a2a2;\"><span style=\"box-sizing: border-box; font-weight: bold;\">Noi,\u00a0BUCSA COSMIN ADRIAN INTREPRINDERE INDIVIDUALA, credem in relatiile corecte si, ca orice partener bun, ne dorim sa-ti fim alaturi. Protectia datelor tale cu caracter personal este importanta pentru noi. Tocmai din acest motiv, vrem sa ne asiguram ca noile reglementari europene (GDPR) \u2013 care se aplica incepand cu 25 mai\u00a02018\u00a0\u2013\u00a0sunt respectate.<\/span><\/p>\n<p style=\"line-height: 24px; margin-top: 0px; margin-bottom: 0px; box-sizing: border-box; padding: 0px; font-family: Lato, sans-serif; color: #a2a2a2;\"><span style=\"box-sizing: border-box; font-weight: bold;\"><br style=\"box-sizing: border-box;\" \/>In cazul in care doresti sa modifici felul si modalitatile in care comunicam cu tine in scop publicitar, in baza acordului tau exprimat in trecut, te rugam sa le modifici online la noi pe site pentru actualizarea preferintelor tale de comunicare in pagina contul meu din site-ul<\/span><\/p>\n<p style=\"line-height: 24px; margin-top: 0px; margin-bottom: 0px; box-sizing: border-box; padding: 0px; font-family: Lato, sans-serif; color: #a2a2a2;\"><span style=\"box-sizing: border-box; font-weight: bold;\">www.peletidinrumegus.ro<\/span><\/p>\n<p style=\"line-height: 24px; margin-top: 0px; margin-bottom: 0px; box-sizing: border-box; padding: 0px; font-family: Lato, sans-serif; color: #a2a2a2;\"><span style=\"box-sizing: border-box; font-weight: bold;\">Drepturile fundamentale<\/span>:<\/p>\n<p style=\"line-height: 24px; margin-top: 0px; margin-bottom: 0px; box-sizing: border-box; padding: 0px; font-family: Lato, sans-serif; color: #a2a2a2;\"><a style=\"color: #9e9e9e; outline-style: none; outline-width: initial; box-sizing: border-box; background-color: transparent; text-decoration-line: none; display: inline-block;\" href=\"https:\/\/ec.europa.eu\/info\/aid-development-cooperation-fundamental-rights\/your-rights-eu\/eu-charter-fundamental-rights_ro\" target=\"_blank\" rel=\"noreferrer noopener\">Carta drepturilor fundamentale a UE<\/a>\u00a0prevede c\u0103 cet\u0103\u021benii UE au dreptul la protec\u021bia datelor lor personale.<br style=\"box-sizing: border-box;\" \/><span style=\"box-sizing: border-box; font-weight: bold;\"><a style=\"color: #9e9e9e; outline-style: none; outline-width: initial; box-sizing: border-box; background-color: transparent; text-decoration-line: none; display: inline-block;\" href=\"https:\/\/ec.europa.eu\/info\/aid-development-cooperation-fundamental-rights\/your-rights-eu\/know-your-rights\/freedoms\/protection-personal-data_ro\" target=\"_blank\" rel=\"noreferrer noopener\"><span style=\"box-sizing: border-box;\">Protection of personal data<\/span><\/a><\/span><br style=\"box-sizing: border-box;\" \/>Legisla\u021bie<br style=\"box-sizing: border-box;\" \/>Pachetul legislativ privind protec\u021bia datelor adoptat \u00een mai 2016 urm\u0103re\u0219te s\u0103 preg\u0103teasc\u0103 Europa pentru era digital\u0103. Peste 90 % dintre europeni spun c\u0103 doresc s\u0103 aib\u0103 acelea\u0219i drepturi de protec\u021bie a datelor peste tot \u00een UE \u0219i indiferent de locul \u00een care sunt prelucrate datele.<\/p>\n<p style=\"line-height: 24px; margin-top: 0px; margin-bottom: 0px; box-sizing: border-box; padding: 0px; font-family: Lato, sans-serif; color: #a2a2a2;\"><span style=\"box-sizing: border-box; font-weight: bold;\">Regulamentul general privind protec\u021bia datelor (RGPD)<\/span><\/p>\n<p style=\"line-height: 24px; margin-top: 0px; margin-bottom: 0px; box-sizing: border-box; padding: 0px; font-family: Lato, sans-serif; color: #a2a2a2;\"><a style=\"color: #9e9e9e; outline-style: none; outline-width: initial; box-sizing: border-box; background-color: transparent; text-decoration-line: none; display: inline-block;\" href=\"https:\/\/eur-lex.europa.eu\/legal-content\/RO\/TXT\/?qid=1528874672298&amp;uri=CELEX%3A32016R0679\" target=\"_blank\" rel=\"noreferrer noopener\">Regulamentul (UE) 2016\/679<\/a>\u00a0privind protec\u021bia persoanelor fizice referitor la prelucrarea datelor cu caracter personal \u0219i libera circula\u021bie a acestor date<br style=\"box-sizing: border-box;\" \/>Regulamentul este un pas esen\u021bial pentru consolidarea drepturilor fundamentale ale cet\u0103\u021benilor \u00een era digital\u0103 \u0219i simplificarea normelor pentru \u00eentreprinderi pe pia\u021ba unic\u0103 digital\u0103. \u00cen acela\u0219i timp, acest pachet unic va pune cap\u0103t fragment\u0103rii actuale \u0219i va elimina sarcinile administrative costisitoare care revin \u00eentreprinderilor.<br style=\"box-sizing: border-box;\" \/>Regulamentul a intrat \u00een vigoare la 24 mai 2016 \u0219i se va aplica de la 25 mai 2018.<\/p>\n<p style=\"line-height: 24px; margin-top: 0px; margin-bottom: 0px; box-sizing: border-box; padding: 0px; font-family: Lato, sans-serif; color: #a2a2a2;\"><span style=\"box-sizing: border-box; font-weight: bold;\">Directiva privind poli\u021bia<\/span><\/p>\n<p style=\"line-height: 24px; margin-top: 0px; margin-bottom: 0px; box-sizing: border-box; padding: 0px; font-family: Lato, sans-serif; color: #a2a2a2;\"><a style=\"color: #9e9e9e; outline-style: none; outline-width: initial; box-sizing: border-box; background-color: transparent; text-decoration-line: none; display: inline-block;\" href=\"https:\/\/ec.europa.eu\/info\/law\/law-topic\/data-protection\/data-protection-eu_ro\" target=\"_blank\" rel=\"noreferrer noopener\">Directiva (UE) 2016\/680<\/a>\u00a0privind protec\u021bia persoanelor fizice referitor la prelucrarea datelor cu caracter personal de c\u0103tre autorit\u0103\u021bile competente \u00een scopul prevenirii, depist\u0103rii, investig\u0103rii sau urm\u0103ririi penale a infrac\u021biunilor sau al execut\u0103rii pedepselor \u0219i privind libera circula\u021bie a acestor date.<br style=\"box-sizing: border-box;\" \/>Directiva protejeaz\u0103 dreptul fundamental al cet\u0103\u021benilor la protec\u021bia datelor ori de c\u00e2te ori datele cu caracter personal sunt utilizate de autorit\u0103\u021bile de aplicare a dreptului penal. Ea va garanta \u00een special protec\u021bia adecvat\u0103 a datelor personale ale victimelor, martorilor \u0219i suspec\u021bilor \u0219i va facilita cooperarea transfrontalier\u0103 \u00een combaterea criminalit\u0103\u021bii \u0219i a terorismului.<br style=\"box-sizing: border-box;\" \/>Directiva a intrat \u00een vigoare la 5 mai 2016, iar statele membre trebuie s\u0103 o transpun\u0103 \u00een legisla\u021bia lor na\u021bional\u0103 p\u00e2n\u0103 la 6 mai 2018.<\/p>\n<p style=\"line-height: 24px; margin-top: 0px; margin-bottom: 0px; box-sizing: border-box; padding: 0px; font-family: Lato, sans-serif; color: #a2a2a2;\"><span style=\"box-sizing: border-box; font-weight: bold;\"><br style=\"box-sizing: border-box;\" \/>Autorit\u0103\u021bile na\u021bionale pentru protec\u021bia datelor<\/span><\/p>\n<p style=\"line-height: 24px; margin-top: 0px; margin-bottom: 0px; box-sizing: border-box; padding: 0px; font-family: Lato, sans-serif; color: #a2a2a2;\">\u021a\u0103rile UE au \u00eenfiin\u021bat\u00a0<a style=\"color: #9e9e9e; outline-style: none; outline-width: initial; box-sizing: border-box; background-color: transparent; text-decoration-line: none; display: inline-block;\" href=\"http:\/\/ec.europa.eu\/newsroom\/just\/document.cfm?doc_id=48619\" target=\"_blank\" rel=\"noreferrer noopener\">organisme na\u021bionale<\/a>\u00a0responsabile de protec\u021bia datelor cu caracter personal, \u00een conformitate cu articolul 8 alineatul (3) din Carta drepturilor fundamentale a UE.<\/p>\n<p style=\"line-height: 24px; margin-top: 0px; margin-bottom: 0px; box-sizing: border-box; padding: 0px; font-family: Lato, sans-serif; color: #a2a2a2;\"><span style=\"box-sizing: border-box; font-weight: bold;\"><br style=\"box-sizing: border-box;\" \/>Comitetul european pentru protec\u021bia datelor<\/span><\/p>\n<p style=\"line-height: 24px; margin-top: 0px; margin-bottom: 0px; box-sizing: border-box; padding: 0px; font-family: Lato, sans-serif; color: #a2a2a2;\">Autorit\u0103\u021bile na\u021bionale de supraveghere din UE colaboreaz\u0103 acum \u00een cadrul Grupului de lucru instituit prin articolul 29. Autoritatea European\u0103 pentru Protec\u021bia Datelor (AEPD) \u0219i Comisia sunt membre ale Grupului. De la 25 mai 2018, Grupul de lucru instituit prin articolul 29 va fi \u00eenlocuit de Comitetul european pentru protec\u021bia datelor (CEPD). CEPD are statutul de organism UE cu personalitate juridic\u0103 \u0219i dispune de un secretariat independent.<br style=\"box-sizing: border-box;\" \/>CEPD are competen\u021be extinse. El poate s\u0103 emit\u0103 decizii \u00een cazul litigiilor dintre autorit\u0103\u021bile na\u021bionale de supraveghere \u0219i s\u0103 ofere recomand\u0103ri \u0219i \u00eendrum\u0103ri cu privire la conceptele esen\u021biale din RGPD \u0219i Directiva privind poli\u021bia.<\/p>\n<p style=\"line-height: 24px; margin-top: 0px; margin-bottom: 0px; box-sizing: border-box; padding: 0px; font-family: Lato, sans-serif; color: #a2a2a2;\"><span style=\"box-sizing: border-box; font-weight: bold;\"><br style=\"box-sizing: border-box;\" \/>Protec\u021bia datelor \u00een institu\u021biile \u0219i organismele UE<\/span><\/p>\n<p style=\"line-height: 24px; margin-top: 0px; margin-bottom: 0px; box-sizing: border-box; padding: 0px; font-family: Lato, sans-serif; color: #a2a2a2;\"><span style=\"box-sizing: border-box; font-weight: bold;\"><br style=\"box-sizing: border-box;\" \/>Legisla\u021bie<\/span><\/p>\n<p style=\"line-height: 24px; margin-top: 0px; margin-bottom: 0px; box-sizing: border-box; padding: 0px; font-family: Lato, sans-serif; color: #a2a2a2;\"><a style=\"color: #9e9e9e; outline-style: none; outline-width: initial; box-sizing: border-box; background-color: transparent; text-decoration-line: none; display: inline-block;\" href=\"https:\/\/eur-lex.europa.eu\/legal-content\/RO\/TXT\/?uri=CELEX%3A32001R0045\" target=\"_blank\" rel=\"noreferrer noopener\">Regulamentul 45\/2001<\/a>\u00a0stabile\u0219te normele aplicabile prelucr\u0103rii datelor cu caracter personal de c\u0103tre institu\u021biile \u0219i organismele UE. La 10 ianuarie 2017, Comisia a prezentat o\u00a0<a style=\"color: #9e9e9e; outline-style: none; outline-width: initial; box-sizing: border-box; background-color: transparent; text-decoration-line: none; display: inline-block;\" href=\"https:\/\/eur-lex.europa.eu\/legal-content\/RO\/TXT\/?qid=1523361568400&amp;uri=CELEX:52017PC0008\" target=\"_blank\" rel=\"noreferrer noopener\">propunere<\/a>\u00a0de modificare a acestor norme pentru a le alinia Regulamentului general privind protec\u021bia datelor (RGPD).<\/p>\n<p style=\"line-height: 24px; margin-top: 0px; margin-bottom: 0px; box-sizing: border-box; padding: 0px; font-family: Lato, sans-serif; color: #a2a2a2;\"><span style=\"box-sizing: border-box; font-weight: bold;\">Autoritatea European\u0103 pentru Protec\u021bia Datelor<\/span><\/p>\n<p style=\"line-height: 24px; margin-top: 0px; margin-bottom: 0px; box-sizing: border-box; padding: 0px; font-family: Lato, sans-serif; color: #a2a2a2;\">Regulamentul privind protec\u021bia persoanelor fizice cu privire la prelucrarea datelor cu caracter personal de c\u0103tre institu\u021biile UE a instituit\u00a0<a style=\"color: #9e9e9e; outline-style: none; outline-width: initial; box-sizing: border-box; background-color: transparent; text-decoration-line: none; display: inline-block;\" href=\"https:\/\/europa.eu\/european-union\/about-eu\/institutions-bodies\/european-data-protection-supervisor_ro\" target=\"_blank\" rel=\"noreferrer noopener\">Autoritatea European\u0103 pentru Protec\u021bia Datelor (AEPD)<\/a>. AEDP este un organism UE independent responsabil cu monitorizarea aplic\u0103rii normelor de protec\u021bie a datelor \u00een cadrul institu\u021biilor europene \u0219i cu investigarea pl\u00e2ngerilor.<br style=\"box-sizing: border-box;\" \/><a style=\"color: #9e9e9e; outline-style: none; outline-width: initial; box-sizing: border-box; background-color: transparent; text-decoration-line: none; display: inline-block;\" href=\"https:\/\/ec.europa.eu\/info\/departments\/data-protection-officer_ro\" target=\"_blank\" rel=\"noreferrer noopener\">Responsabilul cu protec\u021bia datelor<\/a>\u00a0din cadrul Comisiei Europene<br style=\"box-sizing: border-box;\" \/>Comisia European\u0103 a numit un responsabil cu protec\u021bia datelor care monitorizeaz\u0103 aplicarea normelor privind protec\u021bia datelor \u00een cadrul acestei institu\u021bii. Responsabilul cu protec\u021bia datelor asigur\u0103 \u00een mod independent aplicarea intern\u0103 a normelor de protec\u021bie a datelor, \u00een cooperare cu Autoritatea European\u0103 pentru Protec\u021bia Datelor.<\/p>\n<p style=\"line-height: 24px; margin-top: 0px; margin-bottom: 0px; box-sizing: border-box; padding: 0px; font-family: Lato, sans-serif; color: #a2a2a2;\"><span style=\"box-sizing: border-box; font-weight: bold;\">Finan\u021bare<\/span><\/p>\n<p style=\"line-height: 24px; margin-top: 0px; margin-bottom: 0px; box-sizing: border-box; padding: 0px; font-family: Lato, sans-serif; color: #a2a2a2;\"><a style=\"color: #9e9e9e; outline-style: none; outline-width: initial; box-sizing: border-box; background-color: transparent; text-decoration-line: none; display: inline-block;\" href=\"https:\/\/ec.europa.eu\/justice\/grants1\/programmes-2014-2020\/rec\/index_en.htm\" target=\"_blank\" rel=\"noreferrer noopener\">Programul \u201eDrepturi, egalitate \u0219i cet\u0103\u021benie\u201d 2014-2020<\/a><\/p>\n<p style=\"line-height: 24px; margin-top: 0px; margin-bottom: 0px; box-sizing: border-box; padding: 0px; font-family: Lato, sans-serif; color: #a2a2a2;\"><span style=\"box-sizing: border-box; font-weight: bold;\"><br style=\"box-sizing: border-box;\" \/>Documente<\/span><\/p>\n<p style=\"line-height: 24px; margin-top: 0px; margin-bottom: 0px; box-sizing: border-box; padding: 0px; font-family: Lato, sans-serif; color: #a2a2a2;\"><a style=\"color: #9e9e9e; outline-style: none; outline-width: initial; box-sizing: border-box; background-color: transparent; text-decoration-line: none; display: inline-block;\" href=\"https:\/\/eur-lex.europa.eu\/legal-content\/EN\/TXT\/?uri=uriserv%3AOJ.L_.2016.119.01.0001.01.ENG&amp;toc=OJ%3AL%3A2016%3A119%3ATOC\" target=\"_blank\" rel=\"noreferrer noopener\">Law: General data protection regulation \u2013 (EU) 2016\/679<\/a><\/p>\n<p style=\"line-height: 24px; margin-top: 0px; margin-bottom: 0px; box-sizing: border-box; padding: 0px; font-family: Lato, sans-serif; color: #a2a2a2;\"><a style=\"color: #9e9e9e; outline-style: none; outline-width: initial; box-sizing: border-box; background-color: transparent; text-decoration-line: none; display: inline-block;\" href=\"https:\/\/eur-lex.europa.eu\/legal-content\/EN\/TXT\/?uri=uriserv%3AOJ.L_.2016.119.01.0089.01.ENG&amp;toc=OJ%3AL%3A2016%3A119%3ATOC\" target=\"_blank\" rel=\"noreferrer noopener\">Directive (EU) 2016\/680 on the protection of natural persons regarding processing of personal data<\/a><br style=\"box-sizing: border-box;\" \/><a style=\"color: #9e9e9e; outline-style: none; outline-width: initial; box-sizing: border-box; background-color: transparent; text-decoration-line: none; display: inline-block;\" href=\"https:\/\/eur-lex.europa.eu\/legal-content\/EN\/TXT\/?uri=uriserv%3AOJ.L_.2016.119.01.0089.01.ENG&amp;toc=OJ%3AL%3A2016%3A119%3ATOC\" target=\"_blank\" rel=\"noreferrer noopener\">connected with criminal offences or the execution of criminal penalties, and on the free movement of such data<\/a><\/p>\n<p style=\"line-height: 24px; margin-top: 0px; margin-bottom: 0px; box-sizing: border-box; padding: 0px; font-family: Lato, sans-serif; color: #a2a2a2;\"><a style=\"color: #9e9e9e; outline-style: none; outline-width: initial; box-sizing: border-box; background-color: transparent; text-decoration-line: none; display: inline-block;\" href=\"http:\/\/ec.europa.eu\/newsroom\/just\/document.cfm?doc_id=41527\" target=\"_blank\" rel=\"noreferrer noopener\">Factsheet \u2013 How will the data protection reform help fight international crime?<\/a><\/p>\n<p style=\"line-height: 24px; margin-top: 0px; margin-bottom: 0px; box-sizing: border-box; padding: 0px; font-family: Lato, sans-serif; color: #a2a2a2;\"><span style=\"box-sizing: border-box; font-weight: bold;\">Alte linkuri<\/span><\/p>\n<p style=\"line-height: 24px; margin-top: 0px; margin-bottom: 0px; box-sizing: border-box; padding: 0px; font-family: Lato, sans-serif; color: #a2a2a2;\"><a style=\"color: #9e9e9e; outline-style: none; outline-width: initial; box-sizing: border-box; background-color: transparent; text-decoration-line: none; display: inline-block;\" href=\"https:\/\/ec.europa.eu\/info\/law\/law-topic\/data-protection\/eu-data-protection-rules_en\" target=\"_blank\" rel=\"noreferrer noopener\">2018 reform of EU data protection rules<\/a><\/p>\n<p style=\"line-height: 24px; margin-top: 0px; margin-bottom: 0px; box-sizing: border-box; padding: 0px; font-family: Lato, sans-serif; color: #a2a2a2;\">\n<p style=\"line-height: 24px; margin-top: 0px; margin-bottom: 0px; box-sizing: border-box; padding: 0px; font-family: Lato, sans-serif; color: #a2a2a2;\">\n<p style=\"line-height: 24px; margin-top: 0px; margin-bottom: 0px; box-sizing: border-box; padding: 0px; font-family: Lato, sans-serif; color: #a2a2a2;\">\n<p style=\"line-height: 24px; margin-top: 0px; margin-bottom: 0px; box-sizing: border-box; padding: 0px; font-family: Lato, sans-serif; color: #a2a2a2;\">\n<p style=\"line-height: 24px; margin-top: 0px; margin-bottom: 0px; box-sizing: border-box; padding: 0px; font-family: Lato, sans-serif; color: #a2a2a2;\">\n<\/div><\/div><\/div><\/div><\/div><\/section>","protected":false},"excerpt":{"rendered":"","protected":false},"author":1,"featured_media":0,"parent":0,"menu_order":0,"comment_status":"closed","ping_status":"closed","template":"tpl-king_composer.php","meta":{"footnotes":""},"class_list":["post-484","page","type-page","status-publish","hentry"],"aioseo_notices":[],"jetpack_sharing_enabled":true,"_links":{"self":[{"href":"https:\/\/peletidinrumegus.ro\/ro\/wp-json\/wp\/v2\/pages\/484","targetHints":{"allow":["GET"]}}],"collection":[{"href":"https:\/\/peletidinrumegus.ro\/ro\/wp-json\/wp\/v2\/pages"}],"about":[{"href":"https:\/\/peletidinrumegus.ro\/ro\/wp-json\/wp\/v2\/types\/page"}],"author":[{"embeddable":true,"href":"https:\/\/peletidinrumegus.ro\/ro\/wp-json\/wp\/v2\/users\/1"}],"replies":[{"embeddable":true,"href":"https:\/\/peletidinrumegus.ro\/ro\/wp-json\/wp\/v2\/comments?post=484"}],"version-history":[{"count":9,"href":"https:\/\/peletidinrumegus.ro\/ro\/wp-json\/wp\/v2\/pages\/484\/revisions"}],"predecessor-version":[{"id":971,"href":"https:\/\/peletidinrumegus.ro\/ro\/wp-json\/wp\/v2\/pages\/484\/revisions\/971"}],"wp:attachment":[{"href":"https:\/\/peletidinrumegus.ro\/ro\/wp-json\/wp\/v2\/media?parent=484"}],"curies":[{"name":"wp","href":"https:\/\/api.w.org\/{rel}","templated":true}]}}