{"id":482,"date":"2017-01-21T07:14:25","date_gmt":"2017-01-21T07:14:25","guid":{"rendered":"http:\/\/wp1.themexlab.com\/newwp\/woodworks\/?page_id=477"},"modified":"2022-12-07T14:53:01","modified_gmt":"2022-12-07T14:53:01","slug":"productie-peleti","status":"publish","type":"page","link":"https:\/\/peletidinrumegus.ro\/ro\/productie-peleti\/","title":{"rendered":"Productie peleti"},"content":{"rendered":"<p><section class=\"kc-elm kc-css-565948 kc_row news-content section-padding single-service-page our-features in-wrapper no-container\"><div class=\"kc-row-container  kc-container\"><div class=\"kc-wrap-columns\"><div class=\"kc-elm kc-css-413223 kc_col-sm-3 kc_column kc_col-sm-3\"><div class=\"kc-col-container\"><div class=\"kc-elm kc-css-859230 widget-area kc-wp-sidebar\"><div id=\"bunch_brochures-2\" class=\"side-bar widget sidebar_widget widget_bunch_brochures\">      \t\t\n            <!--Our Brochures-->\n            <div class=\"brochures\">\n            \t<div class=\"section-title inner\"><h4>FISA TECHNICA<\/h4><span class=\"decor\"><\/span><\/div>                <ul class=\"brochures-lists\">\n                    <li><a href=\"\"><span>PDF<\/span>Fisa Technica Produs<i class=\"fa fa-download\"><\/i><\/a><\/li>\n                    <li><a href=\"\"><span>PDF<\/span>Fisa Technica Produs<i class=\"fa fa-download\"><\/i><\/a><\/li>\n                <\/ul>\n            <\/div>\n            \n\t\t<\/div><\/div><\/div><\/div><div class=\"kc-elm kc-css-325511 kc_col-sm-9 kc_column kc_col-sm-9\"><div class=\"kc-col-container\"><div class=\"outer row-5 clearfix\">\r\n    <div class=\"img-box pull-left pw-5 pb-10\">\r\n        <img data-recalc-dims=\"1\" decoding=\"async\" src=\"https:\/\/i0.wp.com\/peletidinrumegus.ro\/wp-content\/uploads\/2022\/11\/8-7.jpg?ssl=1\" alt=\"image\">\r\n    <\/div>\r\n    <div class=\"img-box pull-left pw-5 pb-10\">\r\n        <img data-recalc-dims=\"1\" decoding=\"async\" src=\"https:\/\/i0.wp.com\/peletidinrumegus.ro\/wp-content\/uploads\/2022\/11\/burning-pelletsjpg.jpg?ssl=1\" alt=\"image\">\r\n    <\/div>\r\n    <div class=\"img-box pull-left pw-5 pb-10\">\r\n        <img data-recalc-dims=\"1\" decoding=\"async\" src=\"https:\/\/i0.wp.com\/peletidinrumegus.ro\/wp-content\/uploads\/2022\/11\/linieproductiepelet3i.jpg?ssl=1\" alt=\"image\">\r\n    <\/div>\r\n<\/div>\r\n<br>\r\n\r\n<div class=\"outer\">\r\n    <div class=\"section-title\">\r\n        <h3>Productie peleti<\/h3>\r\n        <span class=\"decor\"><\/span>\r\n    <\/div>\r\n    <div class=\"text-box\">\r\n        <div class=\"text\">\r\n            <\/p>Peletele de lemn  este fabricat din materii prime din biomasa, cum ar fi resturile forestiere din rumegus uscat de rasinoase.\r\nDiametrul peletilor este de 6mm, pentru producerea lor folosim un echipament special fabricat in Romania. \r\nPresa este amplasata intr-o zona montana, iar prin procesarea rumegusului protejam si mediul inconjurator.\r\nTehnologia de incalzire pe baza peletilor s-a dezvoltat foarte mult, asigurand un confort termic sporit, la costuri accesibile.<br>Dupa ce materia prima, cum ar fi rumegusul, este introdusa \u00een camera de peletizare, rolele masinii de peletizare a lemnului preseaza rumegusul in gaurile matritei cu ajutorul presiunii exercitate de role. \r\nApoi, peletele sunt formate si extrudate prin gaurile de matrita.<br><br><br>Cum sa verificati calitatea peletilor de lemn?<br><br>Mirosul.<br>Simtiti mirosul peletilor de lemn. Peletii de lemn de inalta calitate ar trebui s\u0103 miroase ca lemnul moale proaspat taiat. Sau puteti aprinde o peleta de rumegus la varf. Fumul ar trebui sa miroase a lemn ars. Daca mirosul este diferit, este nevoie de atentie!<br><br>Priviti.<br>Peletele de lemn fabricate din rumegus sunt de culoare maro deschis. Particulele de culoare maro inchis sunt un semn de scoarta, ceea ce inseamna o cantitate crescuta de cenusa. Rupeti o peleta pentru a vedea culoarea straturilor. <br><br>Testati.<br>Puneti o cantitate mica de peleti de rumegus \u00eentr-un pahar cu apa. Peletele de lemn se va descompune \u00een rumegus intr-o clipa. \u00cen caz contrar, este posibil ca s-a folosit un agent de legare sau inseamna ca materia prima poate fi necorespunzatoare.        <\/div>\r\n    <\/div>\r\n<\/div>\r\n<br>\r\n<br><\/div><\/div><\/div><\/div><\/section><section class=\"kc-elm kc-css-575288 kc_row\"><div class=\"kc-row-container\"><div class=\"kc-wrap-columns\"><div class=\"kc-elm kc-css-435896 kc_col-sm-12 kc_column kc_col-sm-12\"><div class=\"kc-col-container\"><div class=\"kc-elm kc-css-241874 kc_row kc_row_inner\"><div class=\"kc-elm kc-css-748996 kc_col-sm-12 kc_column_inner kc_col-sm-12\"><div class=\"kc_wrapper kc-col-inner-container\"><section class=\"contact-section\" style=\"background-image: url(https:\/\/peletidinrumegus.ro\/wp-content\/uploads\/2022\/11\/peleti-de-calitate-1.jpg);\">\r\n\t<div class=\"container\">\r\n\t\t\t\t\r\n\t\t<div class=\"row\">\r\n\t\t\t<div class=\"col-md-6\">\r\n\t\t\t\t<div class=\"section-title\">\r\n\t\t\t\t\t<h2>Cere oferta<\/h2>\r\n\t\t\t\t\t<span class=\"decor\"><\/span>\r\n\t\t\t\t<\/div>\r\n\t\t\t\t<p><span> <\/span> Pentru a cere oferta, completati formularul nostru scurt de feedback si va vom contacta in cel mai scurt timp ! - (+40) 0753 736 771<\/p>\r\n\r\n<p><span>Nota: <\/span> Datele Dvs. sunt pastrate strict confidentiale in conformitate cu Politica de confidentialitate a companiei noastre..<\/p>\t\t\t<\/div>\r\n\t\t\t<!--Form Column -->\r\n            <div class=\"column form-column col-lg-6 col-md-12 col-sm-12 col-xs-12\">\r\n                <!--form-box-->\r\n                <div class=\"form-box default-form\">\r\n                    <div class=\"default-form\">\r\n                        \n<div class=\"wpcf7 no-js\" id=\"wpcf7-f532-o1\" lang=\"en-US\" dir=\"ltr\" data-wpcf7-id=\"532\">\n<div class=\"screen-reader-response\"><p role=\"status\" aria-live=\"polite\" aria-atomic=\"true\"><\/p> <ul><\/ul><\/div>\n<form action=\"\/ro\/wp-json\/wp\/v2\/pages\/482#wpcf7-f532-o1\" method=\"post\" class=\"wpcf7-form init\" aria-label=\"Contact form\" novalidate=\"novalidate\" data-status=\"init\" data-trp-original-action=\"\/ro\/wp-json\/wp\/v2\/pages\/482#wpcf7-f532-o1\">\n<div style=\"display: none;\">\n<input type=\"hidden\" name=\"_wpcf7\" value=\"532\" \/>\n<input type=\"hidden\" name=\"_wpcf7_version\" value=\"6.0.5\" \/>\n<input type=\"hidden\" name=\"_wpcf7_locale\" value=\"en_US\" \/>\n<input type=\"hidden\" name=\"_wpcf7_unit_tag\" value=\"wpcf7-f532-o1\" \/>\n<input type=\"hidden\" name=\"_wpcf7_container_post\" value=\"0\" \/>\n<input type=\"hidden\" name=\"_wpcf7_posted_data_hash\" value=\"\" \/>\n<\/div>\n<div class=\"row clearfix\">\n\t<div class=\"form-group col-md-12 col-sm-12 col-xs-12\">\n\t<\/div>\n\t<div class=\"form-group col-md-6 col-sm-6 col-xs-12\">\n\t\t<p><span class=\"wpcf7-form-control-wrap\" data-name=\"your-name\"><input size=\"40\" maxlength=\"400\" class=\"wpcf7-form-control wpcf7-text wpcf7-validates-as-required\" aria-required=\"true\" aria-invalid=\"false\" placeholder=\"Nume\/Prenume *\" value=\"\" type=\"text\" name=\"your-name\" \/><\/span>\n\t\t<\/p>\n\t<\/div>\n\t<div class=\"form-group col-md-6 col-sm-6 col-xs-12\">\n\t\t<p><span class=\"wpcf7-form-control-wrap\" data-name=\"your-email\"><input size=\"40\" maxlength=\"400\" class=\"wpcf7-form-control wpcf7-email wpcf7-validates-as-required wpcf7-text wpcf7-validates-as-email\" aria-required=\"true\" aria-invalid=\"false\" placeholder=\"Email *\" value=\"\" type=\"email\" name=\"your-email\" \/><\/span>\n\t\t<\/p>\n\t<\/div>\n\t<div class=\"form-group col-md-6 col-sm-6 col-xs-12\">\n\t\t<p><span class=\"wpcf7-form-control-wrap\" data-name=\"your-phone\"><input size=\"40\" maxlength=\"400\" class=\"wpcf7-form-control wpcf7-text\" aria-invalid=\"false\" placeholder=\"Telefon\" value=\"\" type=\"text\" name=\"your-phone\" \/><\/span>\n\t\t<\/p>\n\t<\/div>\n\t<div class=\"form-group col-md-6 col-sm-6 col-xs-12\">\n\t\t<p><input class=\"wpcf7-form-control wpcf7-submit has-spinner thm-btn\" type=\"submit\" value=\"Cere oferta\" \/>\n\t\t<\/p>\n\t<\/div>\n<\/div><p style=\"display: none !important;\" class=\"akismet-fields-container\" data-prefix=\"_wpcf7_ak_\"><label>&#916;<textarea name=\"_wpcf7_ak_hp_textarea\" cols=\"45\" rows=\"8\" maxlength=\"100\"><\/textarea><\/label><input type=\"hidden\" id=\"ak_js_1\" name=\"_wpcf7_ak_js\" value=\"250\"\/><script>document.getElementById( \"ak_js_1\" ).setAttribute( \"value\", ( new Date() ).getTime() );<\/script><\/p><div class=\"wpcf7-response-output\" aria-hidden=\"true\"><\/div>\n<input type=\"hidden\" name=\"trp-form-language\" value=\"ro\"\/><\/form>\n<\/div>\n                    <\/div>\r\n                <\/div>\r\n            <\/div>\r\n\t\t<\/div>\r\n\t<\/div>\t\r\n<\/section>\r\n<\/div><\/div><\/div><\/div><\/div><\/div><\/div><\/section><\/p>","protected":false},"excerpt":{"rendered":"","protected":false},"author":1,"featured_media":0,"parent":0,"menu_order":0,"comment_status":"closed","ping_status":"closed","template":"tpl-king_composer.php","meta":{"footnotes":""},"class_list":["post-482","page","type-page","status-publish","hentry"],"aioseo_notices":[],"jetpack_sharing_enabled":true,"_links":{"self":[{"href":"https:\/\/peletidinrumegus.ro\/ro\/wp-json\/wp\/v2\/pages\/482","targetHints":{"allow":["GET"]}}],"collection":[{"href":"https:\/\/peletidinrumegus.ro\/ro\/wp-json\/wp\/v2\/pages"}],"about":[{"href":"https:\/\/peletidinrumegus.ro\/ro\/wp-json\/wp\/v2\/types\/page"}],"author":[{"embeddable":true,"href":"https:\/\/peletidinrumegus.ro\/ro\/wp-json\/wp\/v2\/users\/1"}],"replies":[{"embeddable":true,"href":"https:\/\/peletidinrumegus.ro\/ro\/wp-json\/wp\/v2\/comments?post=482"}],"version-history":[{"count":35,"href":"https:\/\/peletidinrumegus.ro\/ro\/wp-json\/wp\/v2\/pages\/482\/revisions"}],"predecessor-version":[{"id":1166,"href":"https:\/\/peletidinrumegus.ro\/ro\/wp-json\/wp\/v2\/pages\/482\/revisions\/1166"}],"wp:attachment":[{"href":"https:\/\/peletidinrumegus.ro\/ro\/wp-json\/wp\/v2\/media?parent=482"}],"curies":[{"name":"wp","href":"https:\/\/api.w.org\/{rel}","templated":true}]}}